{"id":11,"date":"2014-11-11T11:14:05","date_gmt":"2014-11-11T11:14:05","guid":{"rendered":"http:\/\/anpsthemes.com\/constructo\/?page_id=11"},"modified":"2023-06-05T15:26:14","modified_gmt":"2023-06-05T12:26:14","slug":"about-us","status":"publish","type":"page","link":"https:\/\/www.soloshotel.com\/?page_id=11","title":{"rendered":"HAKKIMIZDA"},"content":{"rendered":"<p>[vc_row][vc_column width=&#8221;1\/2&#8243;][vc_single_image image=&#8221;885&#8243; img_size=&#8221;full&#8221; css_animation=&#8221;fadeInLeft&#8221; css=&#8221;.vc_custom_1685904484950{margin-top: 30px !important;}&#8221;][\/vc_column][vc_column width=&#8221;1\/2&#8243;][vc_empty_space height=&#8221;20px&#8221;][vc_text_separator title=&#8221;Hakk\u0131m\u0131zda&#8221; color=&#8221;black&#8221;][vc_empty_space height=&#8221;20px&#8221;][vc_column_text]<\/p>\n<h4>KAL\u0130TE POL\u0130T\u0130KAMIZ:<\/h4>\n<h4><span style=\"color: #000000;\">H\u0131zla geli\u015fen ve farkl\u0131la\u015fan otelcilik sekt\u00f6r\u00fc, daima geli\u015ftirme bilinciyle teknolojiyi yak\u0131ndan takip ederek \u00e7evre \u015fartlar\u0131n\u0131 iyi kullan\u0131p, g\u0131da g\u00fcvenli\u011fini de sa\u011flay\u0131p e\u011fitimli personel ile \u00e7al\u0131\u015fmalar\u0131n\u0131 \u00f6n planda tutarak g\u00fclery\u00fcz ve g\u00fcveni m\u00fc\u015fteri memnuniyetini b\u00fct\u00fcnle\u015ftirip \u00fcst\u00fcn kalite hizmeti , bir sistem i\u00e7erisinde planlanl\u0131 ve s\u00fcrekli olarak sunmak otel politikalar\u0131nda politikam\u0131zd\u0131r.<\/span><\/h4>\n<p>[\/vc_column_text][\/vc_column][\/vc_row][vc_row css=&#8221;.vc_custom_1528673138891{margin-top: 30px !important;}&#8221;][vc_column width=&#8221;1\/3&#8243;][vc_text_separator title=&#8221;Vizyonumuz&#8221; color=&#8221;black&#8221;][vc_empty_space][vc_column_text css_animation=&#8221;fadeInDown&#8221;]<\/p>\n<h4 class=\"vc_custom_heading\"><span style=\"color: #000000;\">Kaliteli ve yenilik\u00e7i hizmetlerimiz ile ko\u015fulsuz m\u00fc\u015fteri memnuniyetini sa\u011flayarak sekt\u00f6r\u00fcm\u00fcz\u00fcn \u00f6nc\u00fcs\u00fc olmakt\u0131r.<\/span><\/h4>\n<h4 class=\"vc_custom_heading\"><span style=\"color: #000000;\">Konuklar\u0131m\u0131za ve \u00e7al\u0131\u015fanlar\u0131m\u0131za olan davran\u0131\u015flar\u0131m\u0131zda kar\u015f\u0131l\u0131kl\u0131 sayg\u0131 ve d\u00fcr\u00fcstl\u00fck ilkemizi korumak , topluma , do\u011fal \u00e7evreye ve insanl\u0131\u011fa kar\u015f\u0131 olan sorumlulu\u011fumuzun bilincinde olmak.<\/span><\/h4>\n<h4 class=\"vc_custom_heading\"><span style=\"color: #000000;\">Bilgi \u00e7a\u011f\u0131n\u0131n olanaklar\u0131n\u0131 t\u00fcm hizmet alanlar\u0131m\u0131zda uygulamak.<\/span><br \/>\n<span style=\"color: #000000;\">Konuklar\u0131m\u0131z\u0131n ihtiya\u00e7 ve beklentilerini beklediklerinden daha kaliteli bir hizmet anlay\u0131\u015f\u0131yla kar\u015f\u0131lamak temel hedefimizdir..<\/span><\/h4>\n<p>[\/vc_column_text][\/vc_column][vc_column width=&#8221;1\/3&#8243;][vc_text_separator title=&#8221;Misyonumuz&#8221; color=&#8221;black&#8221;][vc_empty_space][vc_column_text css_animation=&#8221;fadeInDown&#8221;]<\/p>\n<h4><span style=\"color: #000000;\">Solo residence hotel olarak konuklar\u0131m\u0131z\u0131n t\u00fcm ihtiya\u00e7 ve beklentilerini en iyi \u015fekilde kar\u015f\u0131layarak g\u00fcvenli ve rahat bir konaklama yapmalar\u0131n\u0131 sa\u011flamaktay\u0131z.<\/span><\/h4>\n<h4><span style=\"color: #000000;\">Ekibimizi g\u00fcn\u00fcn de\u011fi\u015fen \u015fartlar\u0131n\u0131a g\u00f6re s\u00fcrekli geli\u015ftirerek ve yenileyerek m\u00fc\u015fteri memnuniyetini en \u00fcst d\u00fczeyde tutmaya devam etmek i\u00e7in gerekli \u00e7al\u0131\u015fmalar\u0131 ger\u00e7ekle\u015ftirmekteyiz.<\/span><\/h4>\n<h4><span style=\"color: #000000;\">\u00dcst y\u00f6netimi ve ekibi ile SOLO RES\u0130DENCE HOTEL , yenilik\u00e7i, tak\u0131m ruhu ile hareket eden profesyonel hizmet kalitesini konuklar\u0131na sunmaktad\u0131r.<\/span><\/h4>\n<p>[\/vc_column_text][\/vc_column][vc_column width=&#8221;1\/3&#8243;][vc_text_separator title=&#8221;M\u00fc\u015fteri \u0130li\u015fkileri Politikam\u0131z&#8221; color=&#8221;black&#8221;][vc_empty_space][vc_column_text css_animation=&#8221;fadeInDown&#8221;]<\/p>\n<h4><span style=\"color: #000000;\">Misyonumuz ve vizyonumuzun bir yans\u0131mas\u0131 olan kalite anlay\u0131\u015f\u0131m\u0131z do\u011frultusunda sundu\u011fumuz hizmetlerimizden duyulan misafir memnuniyeti, bizim i\u00e7in \u00f6nem arz etmektedir.<\/span><\/h4>\n<h4><span style=\"color: #000000;\">SOLO RES\u0130DENCE HOTEL olarak misafirlerimize en iyi hizmeti verebilmek i\u00e7in bunla beraber s\u00fcre\u00e7lerimizi geli\u015ftirmeye ve iyile\u015ftirmeye devam ediyor, kapsaml\u0131 \u00e7al\u0131\u015fmalar ger\u00e7ekle\u015ftiriyoruz.<\/span><\/h4>\n<h4><span style=\"color: #000000;\">M\u00fc\u015fteri ihtiya\u00e7lar\u0131 do\u011frultusunda h\u0131zl\u0131 ve etkin \u00e7\u00f6z\u00fcmler \u00fcretmek, en iyi hizmeti verebilmek ve beklentilerini en \u00fcst d\u00fczeyde kar\u015f\u0131layabilmek i\u00e7in , SOLO RES\u0130DENCE HOTEL \u00e7al\u0131\u015fanlar\u0131 olarak misafir odakl\u0131 bir yakla\u015f\u0131m\u0131 benimsiyoruz .<\/span><\/h4>\n<p>[\/vc_column_text][\/vc_column][\/vc_row]<\/p>\n","protected":false},"excerpt":{"rendered":"<p>[vc_row][vc_column width=&#8221;1\/2&#8243;][vc_single_image image=&#8221;885&#8243; img_size=&#8221;full&#8221; css_animation=&#8221;fadeInLeft&#8221; css=&#8221;.vc_custom_1685904484950{margin-top: 30px !important;}&#8221;][\/vc_column][vc_column width=&#8221;1\/2&#8243;][vc_empty_space height=&#8221;20px&#8221;][vc_text_separator title=&#8221;Hakk\u0131m\u0131zda&#8221; color=&#8221;black&#8221;][vc_empty_space height=&#8221;20px&#8221;][vc_column_text] KAL\u0130TE POL\u0130T\u0130KAMIZ: H\u0131zla geli\u015fen ve farkl\u0131la\u015fan otelcilik sekt\u00f6r\u00fc, daima geli\u015ftirme bilinciyle teknolojiyi yak\u0131ndan takip ederek \u00e7evre \u015fartlar\u0131n\u0131 iyi kullan\u0131p, g\u0131da g\u00fcvenli\u011fini de sa\u011flay\u0131p e\u011fitimli personel ile \u00e7al\u0131\u015fmalar\u0131n\u0131&#8230;<\/p>\n","protected":false},"author":1,"featured_media":0,"parent":0,"menu_order":0,"comment_status":"open","ping_status":"open","template":"","meta":{"pgc_sgb_lightbox_settings":"","footnotes":""},"class_list":["post-11","page","type-page","status-publish","hentry"],"_links":{"self":[{"href":"https:\/\/www.soloshotel.com\/index.php?rest_route=\/wp\/v2\/pages\/11","targetHints":{"allow":["GET"]}}],"collection":[{"href":"https:\/\/www.soloshotel.com\/index.php?rest_route=\/wp\/v2\/pages"}],"about":[{"href":"https:\/\/www.soloshotel.com\/index.php?rest_route=\/wp\/v2\/types\/page"}],"author":[{"embeddable":true,"href":"https:\/\/www.soloshotel.com\/index.php?rest_route=\/wp\/v2\/users\/1"}],"replies":[{"embeddable":true,"href":"https:\/\/www.soloshotel.com\/index.php?rest_route=%2Fwp%2Fv2%2Fcomments&post=11"}],"version-history":[{"count":6,"href":"https:\/\/www.soloshotel.com\/index.php?rest_route=\/wp\/v2\/pages\/11\/revisions"}],"predecessor-version":[{"id":1030,"href":"https:\/\/www.soloshotel.com\/index.php?rest_route=\/wp\/v2\/pages\/11\/revisions\/1030"}],"wp:attachment":[{"href":"https:\/\/www.soloshotel.com\/index.php?rest_route=%2Fwp%2Fv2%2Fmedia&parent=11"}],"curies":[{"name":"wp","href":"https:\/\/api.w.org\/{rel}","templated":true}]}}